{"id":2114,"date":"2023-09-28T13:13:13","date_gmt":"2023-09-28T13:13:13","guid":{"rendered":"https:\/\/twinbrand.nl\/queso-de-oveja\/"},"modified":"2024-04-25T12:29:27","modified_gmt":"2024-04-25T12:29:27","slug":"queso-de-oveja","status":"publish","type":"page","link":"https:\/\/twinbrand.nl\/es\/queso-de-oveja\/","title":{"rendered":"Queso de oveja"},"content":{"rendered":"\t\t<div data-elementor-type=\"wp-page\" data-elementor-id=\"2114\" class=\"elementor elementor-2114 elementor-24\" data-elementor-post-type=\"page\">\n\t\t\t\t<div class=\"elementor-element elementor-element-59f3b8d sc-top-img e-flex e-con-boxed e-con e-parent\" data-id=\"59f3b8d\" data-element_type=\"container\" data-e-type=\"container\" data-settings=\"{&quot;background_background&quot;:&quot;classic&quot;}\">\n\t\t\t\t\t<div class=\"e-con-inner\">\n\t\t\t\t<div class=\"elementor-element elementor-element-2e5ad44 elementor-absolute elementor-hidden-mobile sc-patroon-header elementor-widget elementor-widget-global elementor-global-1135 elementor-widget-image\" data-id=\"2e5ad44\" data-element_type=\"widget\" data-e-type=\"widget\" data-settings=\"{&quot;_position&quot;:&quot;absolute&quot;,&quot;motion_fx_motion_fx_scrolling&quot;:&quot;yes&quot;,&quot;motion_fx_translateY_effect&quot;:&quot;yes&quot;,&quot;motion_fx_translateY_speed&quot;:{&quot;unit&quot;:&quot;px&quot;,&quot;size&quot;:4,&quot;sizes&quot;:[]},&quot;motion_fx_translateY_affectedRange&quot;:{&quot;unit&quot;:&quot;%&quot;,&quot;size&quot;:&quot;&quot;,&quot;sizes&quot;:{&quot;start&quot;:0,&quot;end&quot;:100}},&quot;motion_fx_devices&quot;:[&quot;desktop&quot;,&quot;laptop&quot;,&quot;tablet&quot;,&quot;mobile&quot;]}\" data-widget_type=\"image.default\">\n\t\t\t\t<div class=\"elementor-widget-container\">\n\t\t\t\t\t\t\t\t\t\t\t\t\t\t\t<img fetchpriority=\"high\" decoding=\"async\" width=\"1024\" height=\"868\" src=\"https:\/\/twinbrand.nl\/wp-content\/uploads\/2023\/10\/twin-brand-patroon-6.svg\" class=\"attachment-large size-large wp-image-699\" alt=\"\" \/>\t\t\t\t\t\t\t\t\t\t\t\t\t\t\t<\/div>\n\t\t\t\t<\/div>\n\t\t\t\t\t<\/div>\n\t\t\t\t<\/div>\n\t\t<div class=\"elementor-element elementor-element-1c05985 e-flex e-con-boxed e-con e-parent\" data-id=\"1c05985\" data-element_type=\"container\" data-e-type=\"container\" data-settings=\"{&quot;background_background&quot;:&quot;classic&quot;}\">\n\t\t\t\t\t<div class=\"e-con-inner\">\n\t\t<div class=\"elementor-element elementor-element-6521245 e-flex e-con-boxed e-con e-child\" data-id=\"6521245\" data-element_type=\"container\" data-e-type=\"container\">\n\t\t\t\t\t<div class=\"e-con-inner\">\n\t\t\t\t<div class=\"elementor-element elementor-element-e024753 sc-h1-stand elementor-widget elementor-widget-heading\" data-id=\"e024753\" data-element_type=\"widget\" data-e-type=\"widget\" data-widget_type=\"heading.default\">\n\t\t\t\t<div class=\"elementor-widget-container\">\n\t\t\t\t\t<h1 class=\"elementor-heading-title elementor-size-default\">Queso de oveja<\/h1>\t\t\t\t<\/div>\n\t\t\t\t<\/div>\n\t\t\t\t\t<\/div>\n\t\t\t\t<\/div>\n\t\t<div class=\"elementor-element elementor-element-d71134a e-flex e-con-boxed e-con e-child\" data-id=\"d71134a\" data-element_type=\"container\" data-e-type=\"container\">\n\t\t\t\t\t<div class=\"e-con-inner\">\n\t\t\t\t<div class=\"elementor-element elementor-element-2920e03 elementor-widget__width-initial sc-intro elementor-widget elementor-widget-text-editor\" data-id=\"2920e03\" data-element_type=\"widget\" data-e-type=\"widget\" data-widget_type=\"text-editor.default\">\n\t\t\t\t<div class=\"elementor-widget-container\">\n\t\t\t\t\t\t\t\t\t<p>El queso de oveja es un queso tradicional holand\u00e9s hecho con leche pura de oveja. Nuestro queso de oveja se elabora cuidadosamente para ofrecer un sabor \u00fanico y cremoso que har\u00e1 las delicias de su paladar. Disponible en distintas edades, desde suave a intensamente aromatizado, nuestro queso de oveja deleitar\u00e1, con toda seguridad, incluso a los conocedores m\u00e1s exigentes.<\/p>\n\t\t\t\t\t\t\t\t<\/div>\n\t\t\t\t<\/div>\n\t\t\t\t<div class=\"elementor-element elementor-element-d250485 elementor-widget elementor-widget-button\" data-id=\"d250485\" data-element_type=\"widget\" data-e-type=\"widget\" data-widget_type=\"button.default\">\n\t\t\t\t<div class=\"elementor-widget-container\">\n\t\t\t\t\t\t\t\t\t<div class=\"elementor-button-wrapper\">\n\t\t\t\t\t<a class=\"elementor-button elementor-button-link elementor-size-sm\" href=\"https:\/\/twinbrand.nl\/es\/contacto\/\">\n\t\t\t\t\t\t<span class=\"elementor-button-content-wrapper\">\n\t\t\t\t\t\t\t\t\t<span class=\"elementor-button-text\">P\u00f3ngase en contacto con nosotros<\/span>\n\t\t\t\t\t<\/span>\n\t\t\t\t\t<\/a>\n\t\t\t\t<\/div>\n\t\t\t\t\t\t\t\t<\/div>\n\t\t\t\t<\/div>\n\t\t\t\t\t<\/div>\n\t\t\t\t<\/div>\n\t\t\t\t\t<\/div>\n\t\t\t\t<\/div>\n\t\t<div class=\"elementor-element elementor-element-505c83c e-flex e-con-boxed e-con e-parent\" data-id=\"505c83c\" data-element_type=\"container\" data-e-type=\"container\" data-settings=\"{&quot;background_background&quot;:&quot;classic&quot;}\">\n\t\t\t\t\t<div class=\"e-con-inner\">\n\t\t\t\t<div class=\"elementor-element elementor-element-bd8a351 elementor-grid-3 elementor-grid-tablet-2 elementor-grid-mobile-1 elementor-widget elementor-widget-loop-grid\" data-id=\"bd8a351\" data-element_type=\"widget\" data-e-type=\"widget\" data-settings=\"{&quot;template_id&quot;:2149,&quot;row_gap&quot;:{&quot;unit&quot;:&quot;px&quot;,&quot;size&quot;:180,&quot;sizes&quot;:[]},&quot;_skin&quot;:&quot;post&quot;,&quot;columns&quot;:&quot;3&quot;,&quot;columns_tablet&quot;:&quot;2&quot;,&quot;columns_mobile&quot;:&quot;1&quot;,&quot;edit_handle_selector&quot;:&quot;[data-elementor-type=\\&quot;loop-item\\&quot;]&quot;,&quot;row_gap_laptop&quot;:{&quot;unit&quot;:&quot;px&quot;,&quot;size&quot;:&quot;&quot;,&quot;sizes&quot;:[]},&quot;row_gap_tablet&quot;:{&quot;unit&quot;:&quot;px&quot;,&quot;size&quot;:&quot;&quot;,&quot;sizes&quot;:[]},&quot;row_gap_mobile&quot;:{&quot;unit&quot;:&quot;px&quot;,&quot;size&quot;:&quot;&quot;,&quot;sizes&quot;:[]}}\" data-widget_type=\"loop-grid.post\">\n\t\t\t\t<div class=\"elementor-widget-container\">\n\t\t\t\t\t\t\t<div class=\"elementor-loop-container elementor-grid\" role=\"list\">\n\t\t<style id=\"loop-2149\">.elementor-2149 .elementor-element.elementor-element-58b12d4{--display:flex;--gap:0px 0px;--row-gap:0px;--column-gap:0px;border-style:solid;--border-style:solid;border-width:0px 0px 6px 0px;--border-top-width:0px;--border-right-width:0px;--border-bottom-width:6px;--border-left-width:0px;border-color:var( --e-global-color-text );--border-color:var( --e-global-color-text );--padding-top:25px;--padding-bottom:25px;--padding-left:30px;--padding-right:30px;}.elementor-2149 .elementor-element.elementor-element-58b12d4:not(.elementor-motion-effects-element-type-background), .elementor-2149 .elementor-element.elementor-element-58b12d4 > .elementor-motion-effects-container > .elementor-motion-effects-layer{background-color:var( --e-global-color-secondary );}.elementor-2149 .elementor-element.elementor-element-1e31a5b img{width:277px;}.elementor-2149 .elementor-element.elementor-element-1e31a5b > .elementor-widget-container{margin:-155px 0px 0px 0px;}.elementor-2149 .elementor-element.elementor-element-261e5f9{--display:flex;--gap:0px 0px;--row-gap:0px;--column-gap:0px;--padding-top:10px;--padding-bottom:0px;--padding-left:0px;--padding-right:0px;}.elementor-2149 .elementor-element.elementor-element-8746943{text-align:center;}.elementor-2149 .elementor-element.elementor-element-8746943 .elementor-heading-title{font-family:\"Josefin Sans\", Sans-serif;font-size:30px;font-weight:700;text-transform:uppercase;}.elementor-2149 .elementor-element.elementor-element-8746943 > .elementor-widget-container{padding:10px 0px 10px 0px;}.elementor-2149 .elementor-element.elementor-element-bf59d82{text-align:center;font-family:\"Halant\", Sans-serif;font-size:18px;font-weight:700;text-transform:uppercase;color:var( --e-global-color-accent );}.elementor-2149 .elementor-element.elementor-element-cfc6e34{text-align:start;}.elementor-2149 .elementor-element.elementor-element-cfc6e34 > .elementor-widget-container{padding:0px 0px 30px 0px;}<\/style>\t\t<div data-elementor-type=\"loop-item\" data-elementor-id=\"2149\" class=\"elementor elementor-2149 elementor-769 elementor-769 e-loop-item e-loop-item-2171 post-2171 producten type-producten status-publish hentry producten_cat-sheep-cheese\" data-elementor-post-type=\"elementor_library\" data-custom-edit-handle=\"1\">\n\t\t\t<div class=\"elementor-element elementor-element-58b12d4 e-flex e-con-boxed e-con e-parent\" data-id=\"58b12d4\" data-element_type=\"container\" data-e-type=\"container\" data-settings=\"{&quot;background_background&quot;:&quot;classic&quot;}\">\n\t\t\t\t\t<div class=\"e-con-inner\">\n\t\t\t\t<div class=\"elementor-element elementor-element-1e31a5b elementor-widget elementor-widget-image\" data-id=\"1e31a5b\" data-element_type=\"widget\" data-e-type=\"widget\" data-widget_type=\"image.default\">\n\t\t\t\t<div class=\"elementor-widget-container\">\n\t\t\t\t\t\t\t\t\t\t\t\t\t\t\t<img decoding=\"async\" width=\"300\" height=\"300\" src=\"https:\/\/twinbrand.nl\/wp-content\/uploads\/2023\/10\/twin-brand-sheep-mild-1.png\" class=\"attachment-large size-large wp-image-2172\" alt=\"\" srcset=\"https:\/\/twinbrand.nl\/wp-content\/uploads\/2023\/10\/twin-brand-sheep-mild-1.png 300w, https:\/\/twinbrand.nl\/wp-content\/uploads\/2023\/10\/twin-brand-sheep-mild-1-150x150.png 150w\" sizes=\"(max-width: 300px) 100vw, 300px\" \/>\t\t\t\t\t\t\t\t\t\t\t\t\t\t\t<\/div>\n\t\t\t\t<\/div>\n\t\t<div class=\"elementor-element elementor-element-261e5f9 e-flex e-con-boxed e-con e-child\" data-id=\"261e5f9\" data-element_type=\"container\" data-e-type=\"container\">\n\t\t\t\t\t<div class=\"e-con-inner\">\n\t\t\t\t<div class=\"elementor-element elementor-element-8746943 elementor-widget elementor-widget-heading\" data-id=\"8746943\" data-element_type=\"widget\" data-e-type=\"widget\" data-widget_type=\"heading.default\">\n\t\t\t\t<div class=\"elementor-widget-container\">\n\t\t\t\t\t<h2 class=\"elementor-heading-title elementor-size-default\">Suave de oveja<\/h2>\t\t\t\t<\/div>\n\t\t\t\t<\/div>\n\t\t\t\t<div class=\"elementor-element elementor-element-bf59d82 elementor-widget elementor-widget-text-editor\" data-id=\"bf59d82\" data-element_type=\"widget\" data-e-type=\"widget\" data-widget_type=\"text-editor.default\">\n\t\t\t\t<div class=\"elementor-widget-container\">\n\t\t\t\t\t\t\t\t\tSuave y cremoso\t\t\t\t\t\t\t\t<\/div>\n\t\t\t\t<\/div>\n\t\t\t\t<div class=\"elementor-element elementor-element-cfc6e34 elementor-widget elementor-widget-text-editor\" data-id=\"cfc6e34\" data-element_type=\"widget\" data-e-type=\"widget\" data-widget_type=\"text-editor.default\">\n\t\t\t\t<div class=\"elementor-widget-container\">\n\t\t\t\t\t\t\t\t\t<p>Nuestro queso a\u00f1ejo de oveja es suave y cremoso, con un sutil sabor a nuez que viene de haber sido madurado durante 4 a 6 semanas.<\/p>\n<p><strong>Elaborado con: <\/strong><br \/>\nleche pasteurizada de oveja, sal, fermento (leche), cuajo microbiano<br \/>\nMadurado: 4 a 6 semanas<br \/>\n1 por envase: 4 kg<\/p>\n\t\t\t\t\t\t\t\t<\/div>\n\t\t\t\t<\/div>\n\t\t\t\t\t<\/div>\n\t\t\t\t<\/div>\n\t\t\t\t\t<\/div>\n\t\t\t\t<\/div>\n\t\t\t\t<\/div>\n\t\t\t\t<div data-elementor-type=\"loop-item\" data-elementor-id=\"2149\" class=\"elementor elementor-2149 elementor-769 elementor-769 e-loop-item e-loop-item-2173 post-2173 producten type-producten status-publish hentry producten_cat-sheep-cheese\" data-elementor-post-type=\"elementor_library\" data-custom-edit-handle=\"1\">\n\t\t\t<div class=\"elementor-element elementor-element-58b12d4 e-flex e-con-boxed e-con e-parent\" data-id=\"58b12d4\" data-element_type=\"container\" data-e-type=\"container\" data-settings=\"{&quot;background_background&quot;:&quot;classic&quot;}\">\n\t\t\t\t\t<div class=\"e-con-inner\">\n\t\t\t\t<div class=\"elementor-element elementor-element-1e31a5b elementor-widget elementor-widget-image\" data-id=\"1e31a5b\" data-element_type=\"widget\" data-e-type=\"widget\" data-widget_type=\"image.default\">\n\t\t\t\t<div class=\"elementor-widget-container\">\n\t\t\t\t\t\t\t\t\t\t\t\t\t\t\t<img decoding=\"async\" width=\"300\" height=\"300\" src=\"https:\/\/twinbrand.nl\/wp-content\/uploads\/2023\/10\/twin-brand-sheep-matured-1.png\" class=\"attachment-large size-large wp-image-2174\" alt=\"\" srcset=\"https:\/\/twinbrand.nl\/wp-content\/uploads\/2023\/10\/twin-brand-sheep-matured-1.png 300w, https:\/\/twinbrand.nl\/wp-content\/uploads\/2023\/10\/twin-brand-sheep-matured-1-150x150.png 150w\" sizes=\"(max-width: 300px) 100vw, 300px\" \/>\t\t\t\t\t\t\t\t\t\t\t\t\t\t\t<\/div>\n\t\t\t\t<\/div>\n\t\t<div class=\"elementor-element elementor-element-261e5f9 e-flex e-con-boxed e-con e-child\" data-id=\"261e5f9\" data-element_type=\"container\" data-e-type=\"container\">\n\t\t\t\t\t<div class=\"e-con-inner\">\n\t\t\t\t<div class=\"elementor-element elementor-element-8746943 elementor-widget elementor-widget-heading\" data-id=\"8746943\" data-element_type=\"widget\" data-e-type=\"widget\" data-widget_type=\"heading.default\">\n\t\t\t\t<div class=\"elementor-widget-container\">\n\t\t\t\t\t<h2 class=\"elementor-heading-title elementor-size-default\">Madurado de oveja<\/h2>\t\t\t\t<\/div>\n\t\t\t\t<\/div>\n\t\t\t\t<div class=\"elementor-element elementor-element-bf59d82 elementor-widget elementor-widget-text-editor\" data-id=\"bf59d82\" data-element_type=\"widget\" data-e-type=\"widget\" data-widget_type=\"text-editor.default\">\n\t\t\t\t<div class=\"elementor-widget-container\">\n\t\t\t\t\t\t\t\t\tSabor pleno y cremoso\t\t\t\t\t\t\t\t<\/div>\n\t\t\t\t<\/div>\n\t\t\t\t<div class=\"elementor-element elementor-element-cfc6e34 elementor-widget elementor-widget-text-editor\" data-id=\"cfc6e34\" data-element_type=\"widget\" data-e-type=\"widget\" data-widget_type=\"text-editor.default\">\n\t\t\t\t<div class=\"elementor-widget-container\">\n\t\t\t\t\t\t\t\t\t<p>Nuestro queso madurado de oveja tiene un sabor pleno y cremoso y se madura durante 4 a 5 meses.<\/p>\n<p><strong>Elaborado con:<\/strong><br \/>\nleche pasteurizada de oveja, sal, fermento (leche), cuajo microbiano<br \/>\nMadurado: 4 a 5 meses<br \/>\n1 por envase: 4 kg<\/p>\n\t\t\t\t\t\t\t\t<\/div>\n\t\t\t\t<\/div>\n\t\t\t\t\t<\/div>\n\t\t\t\t<\/div>\n\t\t\t\t\t<\/div>\n\t\t\t\t<\/div>\n\t\t\t\t<\/div>\n\t\t\t\t<div data-elementor-type=\"loop-item\" data-elementor-id=\"2149\" class=\"elementor elementor-2149 elementor-769 elementor-769 e-loop-item e-loop-item-2175 post-2175 producten type-producten status-publish hentry producten_cat-sheep-cheese\" data-elementor-post-type=\"elementor_library\" data-custom-edit-handle=\"1\">\n\t\t\t<div class=\"elementor-element elementor-element-58b12d4 e-flex e-con-boxed e-con e-parent\" data-id=\"58b12d4\" data-element_type=\"container\" data-e-type=\"container\" data-settings=\"{&quot;background_background&quot;:&quot;classic&quot;}\">\n\t\t\t\t\t<div class=\"e-con-inner\">\n\t\t\t\t<div class=\"elementor-element elementor-element-1e31a5b elementor-widget elementor-widget-image\" data-id=\"1e31a5b\" data-element_type=\"widget\" data-e-type=\"widget\" data-widget_type=\"image.default\">\n\t\t\t\t<div class=\"elementor-widget-container\">\n\t\t\t\t\t\t\t\t\t\t\t\t\t\t\t<img loading=\"lazy\" decoding=\"async\" width=\"300\" height=\"300\" src=\"https:\/\/twinbrand.nl\/wp-content\/uploads\/2023\/10\/twin-brand-sheep-old-1.png\" class=\"attachment-large size-large wp-image-2176\" alt=\"\" srcset=\"https:\/\/twinbrand.nl\/wp-content\/uploads\/2023\/10\/twin-brand-sheep-old-1.png 300w, https:\/\/twinbrand.nl\/wp-content\/uploads\/2023\/10\/twin-brand-sheep-old-1-150x150.png 150w\" sizes=\"(max-width: 300px) 100vw, 300px\" \/>\t\t\t\t\t\t\t\t\t\t\t\t\t\t\t<\/div>\n\t\t\t\t<\/div>\n\t\t<div class=\"elementor-element elementor-element-261e5f9 e-flex e-con-boxed e-con e-child\" data-id=\"261e5f9\" data-element_type=\"container\" data-e-type=\"container\">\n\t\t\t\t\t<div class=\"e-con-inner\">\n\t\t\t\t<div class=\"elementor-element elementor-element-8746943 elementor-widget elementor-widget-heading\" data-id=\"8746943\" data-element_type=\"widget\" data-e-type=\"widget\" data-widget_type=\"heading.default\">\n\t\t\t\t<div class=\"elementor-widget-container\">\n\t\t\t\t\t<h2 class=\"elementor-heading-title elementor-size-default\">A\u00f1ejo de oveja<\/h2>\t\t\t\t<\/div>\n\t\t\t\t<\/div>\n\t\t\t\t<div class=\"elementor-element elementor-element-bf59d82 elementor-widget elementor-widget-text-editor\" data-id=\"bf59d82\" data-element_type=\"widget\" data-e-type=\"widget\" data-widget_type=\"text-editor.default\">\n\t\t\t\t<div class=\"elementor-widget-container\">\n\t\t\t\t\t\t\t\t\tDe sabor intenso y cremoso\t\t\t\t\t\t\t\t<\/div>\n\t\t\t\t<\/div>\n\t\t\t\t<div class=\"elementor-element elementor-element-cfc6e34 elementor-widget elementor-widget-text-editor\" data-id=\"cfc6e34\" data-element_type=\"widget\" data-e-type=\"widget\" data-widget_type=\"text-editor.default\">\n\t\t\t\t<div class=\"elementor-widget-container\">\n\t\t\t\t\t\t\t\t\t<p>Del\u00e9itese con el sabor intenso y cremoso de nuestro queso a\u00f1ejo de oveja, madurado durante m\u00e1s de un a\u00f1o.<\/p>\n<p><strong>Elaborado con:<\/strong><br \/>\nleche pasteurizada de oveja, sal, fermento (leche), cuajo microbiano<br \/>\nMadurado: m\u00e1s de 12 meses<br \/>\n1 por envase: 4 kg<\/p>\n\t\t\t\t\t\t\t\t<\/div>\n\t\t\t\t<\/div>\n\t\t\t\t\t<\/div>\n\t\t\t\t<\/div>\n\t\t\t\t\t<\/div>\n\t\t\t\t<\/div>\n\t\t\t\t<\/div>\n\t\t\t\t<\/div>\n\t\t\n\t\t\t\t\t\t<\/div>\n\t\t\t\t<\/div>\n\t\t<div class=\"elementor-element elementor-element-e0503c1 e-flex e-con-boxed e-con e-child\" data-id=\"e0503c1\" data-element_type=\"container\" data-e-type=\"container\">\n\t\t\t\t\t<div class=\"e-con-inner\">\n\t\t\t\t<div class=\"elementor-element elementor-element-0abf6e7 elementor-widget elementor-widget-button\" data-id=\"0abf6e7\" data-element_type=\"widget\" data-e-type=\"widget\" data-widget_type=\"button.default\">\n\t\t\t\t<div class=\"elementor-widget-container\">\n\t\t\t\t\t\t\t\t\t<div class=\"elementor-button-wrapper\">\n\t\t\t\t\t<a class=\"elementor-button elementor-button-link elementor-size-sm\" href=\"https:\/\/twinbrand.nl\/es\/contacto\/\">\n\t\t\t\t\t\t<span class=\"elementor-button-content-wrapper\">\n\t\t\t\t\t\t\t\t\t<span class=\"elementor-button-text\">CONTACTO<\/span>\n\t\t\t\t\t<\/span>\n\t\t\t\t\t<\/a>\n\t\t\t\t<\/div>\n\t\t\t\t\t\t\t\t<\/div>\n\t\t\t\t<\/div>\n\t\t\t\t<div class=\"elementor-element elementor-element-162c396 elementor-widget elementor-widget-button\" data-id=\"162c396\" data-element_type=\"widget\" data-e-type=\"widget\" data-widget_type=\"button.default\">\n\t\t\t\t<div class=\"elementor-widget-container\">\n\t\t\t\t\t\t\t\t\t<div class=\"elementor-button-wrapper\">\n\t\t\t\t\t<a class=\"elementor-button elementor-button-link elementor-size-sm\" href=\"https:\/\/twinbrand.nl\/es\/gama-de-productos\/\">\n\t\t\t\t\t\t<span class=\"elementor-button-content-wrapper\">\n\t\t\t\t\t\t\t\t\t<span class=\"elementor-button-text\">VER NUESTRA GAMA DE PRODUCTOS<\/span>\n\t\t\t\t\t<\/span>\n\t\t\t\t\t<\/a>\n\t\t\t\t<\/div>\n\t\t\t\t\t\t\t\t<\/div>\n\t\t\t\t<\/div>\n\t\t\t\t\t<\/div>\n\t\t\t\t<\/div>\n\t\t\t\t\t<\/div>\n\t\t\t\t<\/div>\n\t\t\t\t<\/div>\n\t\t","protected":false},"excerpt":{"rendered":"<p>Queso de oveja El queso de oveja es un queso tradicional holand\u00e9s hecho con leche pura de oveja. Nuestro queso de oveja se elabora cuidadosamente para ofrecer un sabor \u00fanico y cremoso que har\u00e1 las delicias de su paladar. Disponible en distintas edades, desde suave a intensamente aromatizado, nuestro queso de oveja deleitar\u00e1, con toda [&hellip;]<\/p>\n","protected":false},"author":1,"featured_media":0,"parent":0,"menu_order":0,"comment_status":"closed","ping_status":"closed","template":"","meta":{"_acf_changed":false,"inline_featured_image":false,"footnotes":""},"class_list":["post-2114","page","type-page","status-publish","hentry"],"acf":[],"_links":{"self":[{"href":"https:\/\/twinbrand.nl\/es\/wp-json\/wp\/v2\/pages\/2114","targetHints":{"allow":["GET"]}}],"collection":[{"href":"https:\/\/twinbrand.nl\/es\/wp-json\/wp\/v2\/pages"}],"about":[{"href":"https:\/\/twinbrand.nl\/es\/wp-json\/wp\/v2\/types\/page"}],"author":[{"embeddable":true,"href":"https:\/\/twinbrand.nl\/es\/wp-json\/wp\/v2\/users\/1"}],"replies":[{"embeddable":true,"href":"https:\/\/twinbrand.nl\/es\/wp-json\/wp\/v2\/comments?post=2114"}],"version-history":[{"count":4,"href":"https:\/\/twinbrand.nl\/es\/wp-json\/wp\/v2\/pages\/2114\/revisions"}],"predecessor-version":[{"id":2250,"href":"https:\/\/twinbrand.nl\/es\/wp-json\/wp\/v2\/pages\/2114\/revisions\/2250"}],"wp:attachment":[{"href":"https:\/\/twinbrand.nl\/es\/wp-json\/wp\/v2\/media?parent=2114"}],"curies":[{"name":"wp","href":"https:\/\/api.w.org\/{rel}","templated":true}]}}