{"id":2109,"date":"2023-09-28T11:32:32","date_gmt":"2023-09-28T11:32:32","guid":{"rendered":"https:\/\/twinbrand.nl\/politica-de-privacidad\/"},"modified":"2024-04-25T12:00:20","modified_gmt":"2024-04-25T12:00:20","slug":"politica-de-privacidad","status":"publish","type":"page","link":"https:\/\/twinbrand.nl\/es\/politica-de-privacidad\/","title":{"rendered":"Pol\u00edtica de privacidad"},"content":{"rendered":"\t\t<div data-elementor-type=\"wp-page\" data-elementor-id=\"2109\" class=\"elementor elementor-2109 elementor-3\" data-elementor-post-type=\"page\">\n\t\t\t\t<div class=\"elementor-element elementor-element-15e5873 sc-top-img e-flex e-con-boxed e-con e-parent\" data-id=\"15e5873\" data-element_type=\"container\" data-e-type=\"container\" data-settings=\"{&quot;background_background&quot;:&quot;classic&quot;}\">\n\t\t\t\t\t<div class=\"e-con-inner\">\n\t\t\t\t<div class=\"elementor-element elementor-element-ae4a301 elementor-absolute elementor-hidden-mobile sc-patroon-header elementor-widget elementor-widget-image\" data-id=\"ae4a301\" data-element_type=\"widget\" data-e-type=\"widget\" data-settings=\"{&quot;_position&quot;:&quot;absolute&quot;}\" data-widget_type=\"image.default\">\n\t\t\t\t<div class=\"elementor-widget-container\">\n\t\t\t\t\t\t\t\t\t\t\t\t\t\t\t<img fetchpriority=\"high\" decoding=\"async\" width=\"1024\" height=\"868\" src=\"https:\/\/twinbrand.nl\/wp-content\/uploads\/2023\/10\/twin-brand-patroon-6.svg\" class=\"attachment-large size-large wp-image-699\" alt=\"\" \/>\t\t\t\t\t\t\t\t\t\t\t\t\t\t\t<\/div>\n\t\t\t\t<\/div>\n\t\t\t\t\t<\/div>\n\t\t\t\t<\/div>\n\t\t<div class=\"elementor-element elementor-element-ca86d7c e-flex e-con-boxed e-con e-parent\" data-id=\"ca86d7c\" data-element_type=\"container\" data-e-type=\"container\">\n\t\t\t\t\t<div class=\"e-con-inner\">\n\t\t<div class=\"elementor-element elementor-element-8b2b127 e-flex e-con-boxed e-con e-child\" data-id=\"8b2b127\" data-element_type=\"container\" data-e-type=\"container\">\n\t\t\t\t\t<div class=\"e-con-inner\">\n\t\t\t\t<div class=\"elementor-element elementor-element-e8b97f5 sc-h3-zw elementor-widget elementor-widget-heading\" data-id=\"e8b97f5\" data-element_type=\"widget\" data-e-type=\"widget\" data-widget_type=\"heading.default\">\n\t\t\t\t<div class=\"elementor-widget-container\">\n\t\t\t\t\t<p class=\"elementor-heading-title elementor-size-default\">Declaraci\u00f3n de privacidad de quesos Twin Brand<\/p>\t\t\t\t<\/div>\n\t\t\t\t<\/div>\n\t\t\t\t<div class=\"elementor-element elementor-element-7a7d043 sc-contactform  elementor-widget elementor-widget-text-editor\" data-id=\"7a7d043\" data-element_type=\"widget\" data-e-type=\"widget\" data-widget_type=\"text-editor.default\">\n\t\t\t\t<div class=\"elementor-widget-container\">\n\t\t\t\t\t\t\t\t\t<p>Quesos Twin Brand, con domicilio en Industrieweg 6 (3442 AE Woerden), es responsable del tratamiento de los datos personales que se indican en esta declaraci\u00f3n de privacidad. Explicamos aqu\u00ed qu\u00e9 datos personales recogemos y utilizamos y con qu\u00e9 finalidad. Le recomendamos que lea atentamente esta declaraci\u00f3n.<\/p><p><strong>Informaci\u00f3n de contacto<br \/><\/strong>Si desea ponerse en contacto con nosotros en relaci\u00f3n con esta declaraci\u00f3n de privacidad, puede hacerlo utilizando la informaci\u00f3n de contacto que figura a continuaci\u00f3n:<\/p><p>Industrieweg 6<br \/>3442 AE Woerden<br \/>Tel: 0348 740070<br \/>Correo electr\u00f3nico: <a href=\"mailto:info@vebocheese.nl\">info@vebocheese.nl<\/a><\/p><p><strong>Pol\u00edtica de privacidad de quesos Twin Brand<br \/><\/strong>Para llevar a cabo nuestras actividades, tratamos datos personales. En algunos casos, colaboramos con terceros.<br \/>Consideramos esencial tratar los datos personales con cuidado. Por lo tanto, tratamos y protegemos los datos personales con cuidado, cumpliendo los requisitos de la legislaci\u00f3n sobre privacidad. Esto significa, por ejemplo, que:<\/p><ul><li>Exponemos claramente para qu\u00e9 fines tratamos los datos personales, como se indica en esta declaraci\u00f3n de privacidad.<\/li><li>Limitamos la recogida de datos personales a lo estrictamente necesario para los fines para los que se tratan.<\/li><li>Pedimos primero el consentimiento expl\u00edcito para tratar sus datos personales en los casos en los que se requiera su consentimiento.<\/li><li>No revelamos sus datos a terceros a menos que sea necesario para prestar el servicio solicitado o cuando estemos legalmente obligados a hacerlo.<\/li><li>Llegamos a acuerdos con terceros al compartir sus datos para garantizar que no se utilicen para otros fines.<\/li><li>Adoptamos las medidas de seguridad adecuadas para proteger sus datos personales y exigir lo mismo a las partes que traten datos personales en nuestro nombre.<\/li><li>Respetamos su derecho a acceder a sus datos personales, corregirlos o eliminarlos si as\u00ed lo solicita.<\/li><\/ul><p><strong>Uso de los datos personales<\/strong><\/p><p>Al utilizar nuestros servicios y sitios web, es posible que nos deje determinada informaci\u00f3n, que puede incluir datos personales. No siempre tratamos todos los datos enumerados a continuaci\u00f3n; depende de los servicios y funcionalidades que decida utilizar en nuestros sitios web.<\/p><p>Los datos personales que tratamos pueden incluir:<\/p><ul><li>Nombre y apellidos<\/li><li>Direcci\u00f3n de correo electr\u00f3nico<\/li><li>N\u00famero de tel\u00e9fono<\/li><li>Direcci\u00f3n<\/li><li>Informaci\u00f3n que rellene en un campo abierto, como un mensaje en el formulario de contacto<\/li><li>Direcci\u00f3n IP<\/li><li>Navegador de Internet y tipo de dispositivo<\/li><\/ul><p><strong>Fines<br \/><\/strong>Tratamos los datos anteriores para uno o varios de los siguientes fines (dependiendo de los servicios o funcionalidades que utilice):<\/p><ul><li>Env\u00edo de nuestro bolet\u00edn de noticias y\/o material promocional.<\/li><li>Ponernos en contacto con usted por tel\u00e9fono o correo electr\u00f3nico si es necesario para prestarle nuestros servicios.<\/li><li>Informarle sobre cambios en nuestros servicios y productos.<\/li><li>Entregarle bienes y servicios.<\/li><li>Analizar su comportamiento en el sitio web para mejorarlo.<\/li><li>Tratar datos personales seg\u00fan lo exija la ley, como los datos necesarios para las declaraciones fiscales.<\/li><li>Compartir datos personales con terceros<\/li><\/ul><p><strong>Seguridad y conservaci\u00f3n<br \/><\/strong>Aplicamos las medidas de seguridad adecuadas para limitar el uso indebido y el acceso no autorizado a sus datos personales. Conservamos los datos solo durante el tiempo necesario para prestar el servicio solicitado, excepto cuando la ley nos obligue a conservarlos.<\/p><p>Nos tomamos en serio la protecci\u00f3n de datos y aplicamos medidas para evitar el uso indebido, la p\u00e9rdida, el acceso no autorizado, la divulgaci\u00f3n no deseada y la alteraci\u00f3n no autorizada de los datos. Si sospecha que sus datos no est\u00e1n debidamente protegidos o tiene indicios de uso indebido, p\u00f3ngase en contacto con nosotros en info@vebocheese.nl. Hemos tomado las siguientes medidas para asegurar sus datos personales:<\/p><ul><li>Software de seguridad como antivirus y cortafuegos.<\/li><li>TLS (antes SSL): transmitimos sus datos a trav\u00e9s de una conexi\u00f3n a Internet segura, identificable por el \u201chttps\u201d en la barra de direcciones y el icono del candado.<\/li><\/ul><p class=\"p1\"><span class=\"s1\"><strong>Cookies<br \/><\/strong><\/span><span class=\"s1\">Twin Brand Cheese utiliza cookies funcionales, anal\u00edticas y de seguimiento. Una cookie es un peque\u00f1o archivo de texto almacenado en tu navegador tras la primera visita a este sitio web. Utilizamos cookies para funcionalidades t\u00e9cnicas con el fin de garantizar el correcto funcionamiento del sitio web y recordar tus preferencias. Algunas cookies rastrean tu comportamiento de navegaci\u00f3n para entender c\u00f3mo mejorar el sitio web.<\/span><\/p><p class=\"p1\"><span class=\"s1\">Durante tu visita inicial a nuestro sitio web, te informamos sobre estas cookies y solicitamos permiso para colocarlas. Puedes optar por no aceptar cookies ajustando la configuraci\u00f3n de tu navegador de internet para dejar de almacenar cookies o eliminar la informaci\u00f3n almacenada previamente a trav\u00e9s de la configuraci\u00f3n de tu navegador.<\/span><\/p><p class=\"p1\"><span class=\"s1\">Tambi\u00e9n terceros sitios web colocan cookies, como anunciantes y\/o empresas de redes sociales.<\/span><\/p><p class=\"p1\"><strong><span class=\"s1\">Toma de Decisiones Automatizada<br \/><\/span><\/strong><span class=\"s1\">No tomamos decisiones con consecuencias (significativas) para individuos basadas en procesamiento automatizado. Esto se refiere a decisiones tomadas por programas inform\u00e1ticos o sistemas sin intervenci\u00f3n humana.<\/span><\/p><p class=\"p1\"><strong><span class=\"s1\">Acceso, Correcci\u00f3n o Eliminaci\u00f3n de Datos<br \/><\/span><\/strong><span class=\"s1\">Tienes derecho a acceder, corregir o eliminar tus datos personales. Tambi\u00e9n puedes retirar el consentimiento u objetar el procesamiento de tus datos por parte de Twin Brand Cheese. Adem\u00e1s, tienes derecho a la portabilidad de datos, lo que significa que puedes solicitar un archivo inform\u00e1tico que contenga tus datos para que te sea enviado a ti o a una organizaci\u00f3n que especifiques.<\/span><\/p><p class=\"p1\"><span class=\"s1\">Para ejercer estos derechos o realizar consultas, por favor contacta a\u00a0<\/span><a href=\"mailto:info@vebocheese.nl\">info@vebocheese.nl<\/a><span class=\"s1\">. Para verificar tu solicitud, solicitamos una copia de tu identificaci\u00f3n; sin embargo, aseg\u00farate de ocultar informaci\u00f3n sensible para proteger tu privacidad. Nos comprometemos a responder en un plazo de cuatro semanas.<\/span><\/p><p><strong>Autoridad de Protecci\u00f3n de Datos<\/strong><br \/>Tiene derecho a presentar una reclamaci\u00f3n ante la<a href=\"https:\/\/autoriteitpersoonsgegevens.nl\/een-tip-of-klacht-indienen-bij-de-ap\" target=\"_blank\" rel=\"noopener\"> autoridad nacional de control<\/a>, la Autoridad de Protecci\u00f3n de Datos, si es necesario.<\/p><p><strong>Sitios web de terceros<br \/><\/strong><span class=\"s1\">Esta declaraci\u00f3n no se aplica a los sitios web de terceros vinculados al nuestro. No podemos garantizar que estos sitios web manejen tus datos de manera confiable o segura. Siempre lee su declaraci\u00f3n de privacidad para obtener informaci\u00f3n sobre c\u00f3mo manejan tus datos antes de usar su sitio web.<\/span><\/p><p><strong>Cambios a esta Declaraci\u00f3n de Privacidad<br \/><\/strong><span class=\"s1\">Podemos modificar esta declaraci\u00f3n de privacidad peri\u00f3dicamente, con cambios publicados en nuestro sitio web. Nunca utilizamos tus datos para otros fines sin consentimiento.<\/span><\/p><p>Por lo tanto, es recomendable revisar peri\u00f3dicamente esta declaraci\u00f3n de privacidad para ver si hay actualizaciones.<\/p><p><strong>Fecha efectiva<\/strong><br \/>Esta declaraci\u00f3n de privacidad (revisada) entr\u00f3 en vigor el 1 de diciembre de 2023.<\/p>\t\t\t\t\t\t\t\t<\/div>\n\t\t\t\t<\/div>\n\t\t\t\t\t<\/div>\n\t\t\t\t<\/div>\n\t\t\t\t\t<\/div>\n\t\t\t\t<\/div>\n\t\t\t\t<\/div>\n\t\t","protected":false},"excerpt":{"rendered":"<p>Declaraci\u00f3n de privacidad de quesos Twin Brand Quesos Twin Brand, con domicilio en Industrieweg 6 (3442 AE Woerden), es responsable del tratamiento de los datos personales que se indican en esta declaraci\u00f3n de privacidad. Explicamos aqu\u00ed qu\u00e9 datos personales recogemos y utilizamos y con qu\u00e9 finalidad. Le recomendamos que lea atentamente esta declaraci\u00f3n. Informaci\u00f3n de [&hellip;]<\/p>\n","protected":false},"author":1,"featured_media":0,"parent":0,"menu_order":0,"comment_status":"closed","ping_status":"closed","template":"","meta":{"_acf_changed":false,"inline_featured_image":false,"footnotes":""},"class_list":["post-2109","page","type-page","status-publish","hentry"],"acf":[],"_links":{"self":[{"href":"https:\/\/twinbrand.nl\/es\/wp-json\/wp\/v2\/pages\/2109","targetHints":{"allow":["GET"]}}],"collection":[{"href":"https:\/\/twinbrand.nl\/es\/wp-json\/wp\/v2\/pages"}],"about":[{"href":"https:\/\/twinbrand.nl\/es\/wp-json\/wp\/v2\/types\/page"}],"author":[{"embeddable":true,"href":"https:\/\/twinbrand.nl\/es\/wp-json\/wp\/v2\/users\/1"}],"replies":[{"embeddable":true,"href":"https:\/\/twinbrand.nl\/es\/wp-json\/wp\/v2\/comments?post=2109"}],"version-history":[{"count":4,"href":"https:\/\/twinbrand.nl\/es\/wp-json\/wp\/v2\/pages\/2109\/revisions"}],"predecessor-version":[{"id":2234,"href":"https:\/\/twinbrand.nl\/es\/wp-json\/wp\/v2\/pages\/2109\/revisions\/2234"}],"wp:attachment":[{"href":"https:\/\/twinbrand.nl\/es\/wp-json\/wp\/v2\/media?parent=2109"}],"curies":[{"name":"wp","href":"https:\/\/api.w.org\/{rel}","templated":true}]}}