{"id":2100,"date":"2023-09-28T13:13:35","date_gmt":"2023-09-28T13:13:35","guid":{"rendered":"https:\/\/twinbrand.nl\/otros-quesos\/"},"modified":"2024-04-25T12:15:15","modified_gmt":"2024-04-25T12:15:15","slug":"otros-quesos","status":"publish","type":"page","link":"https:\/\/twinbrand.nl\/es\/otros-quesos\/","title":{"rendered":"Otros quesos"},"content":{"rendered":"\t\t<div data-elementor-type=\"wp-page\" data-elementor-id=\"2100\" class=\"elementor elementor-2100 elementor-30\" data-elementor-post-type=\"page\">\n\t\t\t\t<div class=\"elementor-element elementor-element-35a74d8 sc-top-img e-flex e-con-boxed e-con e-parent\" data-id=\"35a74d8\" data-element_type=\"container\" data-e-type=\"container\" data-settings=\"{&quot;background_background&quot;:&quot;classic&quot;}\">\n\t\t\t\t\t<div class=\"e-con-inner\">\n\t\t\t\t<div class=\"elementor-element elementor-element-758d057 elementor-absolute elementor-hidden-mobile sc-patroon-header elementor-widget elementor-widget-global elementor-global-1135 elementor-widget-image\" data-id=\"758d057\" data-element_type=\"widget\" data-e-type=\"widget\" data-settings=\"{&quot;_position&quot;:&quot;absolute&quot;,&quot;motion_fx_motion_fx_scrolling&quot;:&quot;yes&quot;,&quot;motion_fx_translateY_effect&quot;:&quot;yes&quot;,&quot;motion_fx_translateY_speed&quot;:{&quot;unit&quot;:&quot;px&quot;,&quot;size&quot;:4,&quot;sizes&quot;:[]},&quot;motion_fx_translateY_affectedRange&quot;:{&quot;unit&quot;:&quot;%&quot;,&quot;size&quot;:&quot;&quot;,&quot;sizes&quot;:{&quot;start&quot;:0,&quot;end&quot;:100}},&quot;motion_fx_devices&quot;:[&quot;desktop&quot;,&quot;laptop&quot;,&quot;tablet&quot;,&quot;mobile&quot;]}\" data-widget_type=\"image.default\">\n\t\t\t\t<div class=\"elementor-widget-container\">\n\t\t\t\t\t\t\t\t\t\t\t\t\t\t\t<img fetchpriority=\"high\" decoding=\"async\" width=\"1024\" height=\"868\" src=\"https:\/\/twinbrand.nl\/wp-content\/uploads\/2023\/10\/twin-brand-patroon-6.svg\" class=\"attachment-large size-large wp-image-699\" alt=\"\" \/>\t\t\t\t\t\t\t\t\t\t\t\t\t\t\t<\/div>\n\t\t\t\t<\/div>\n\t\t\t\t\t<\/div>\n\t\t\t\t<\/div>\n\t\t<div class=\"elementor-element elementor-element-b4d244b e-flex e-con-boxed e-con e-parent\" data-id=\"b4d244b\" data-element_type=\"container\" data-e-type=\"container\" data-settings=\"{&quot;background_background&quot;:&quot;classic&quot;}\">\n\t\t\t\t\t<div class=\"e-con-inner\">\n\t\t<div class=\"elementor-element elementor-element-6c878b4 e-flex e-con-boxed e-con e-child\" data-id=\"6c878b4\" data-element_type=\"container\" data-e-type=\"container\">\n\t\t\t\t\t<div class=\"e-con-inner\">\n\t\t\t\t<div class=\"elementor-element elementor-element-0e995da sc-h1-stand elementor-widget elementor-widget-heading\" data-id=\"0e995da\" data-element_type=\"widget\" data-e-type=\"widget\" data-widget_type=\"heading.default\">\n\t\t\t\t<div class=\"elementor-widget-container\">\n\t\t\t\t\t<h1 class=\"elementor-heading-title elementor-size-default\">Otros quesos<\/h1>\t\t\t\t<\/div>\n\t\t\t\t<\/div>\n\t\t\t\t\t<\/div>\n\t\t\t\t<\/div>\n\t\t<div class=\"elementor-element elementor-element-4383204 e-flex e-con-boxed e-con e-child\" data-id=\"4383204\" data-element_type=\"container\" data-e-type=\"container\">\n\t\t\t\t\t<div class=\"e-con-inner\">\n\t\t\t\t<div class=\"elementor-element elementor-element-7c939a6 elementor-widget__width-initial sc-intro elementor-widget elementor-widget-text-editor\" data-id=\"7c939a6\" data-element_type=\"widget\" data-e-type=\"widget\" data-widget_type=\"text-editor.default\">\n\t\t\t\t<div class=\"elementor-widget-container\">\n\t\t\t\t\t\t\t\t\t<p>En Twin Brand cheese, ofrecemos una amplia gama de quesos de alta calidad para satisfacer las demandas de su negocio. Desde suaves y cremosos hasta a\u00f1ejos y picantes, nuestros quesos se elaboran con m\u00e9todos tradicionales e ingredientes cuidadosamente seleccionados para brindar un sabor y una textura excepcionales. Si no encuentra el queso que busca, no dude en contactarnos para analizar nuestra gama completa de quesos. Ya sea que est\u00e9 buscando una variedad cl\u00e1sica o algo nuevo y emocionante, lo tenemos cubierto con nuestra amplia selecci\u00f3n de quesos de alta calidad.<\/p>\n\t\t\t\t\t\t\t\t<\/div>\n\t\t\t\t<\/div>\n\t\t\t\t<div class=\"elementor-element elementor-element-f4ff7d9 elementor-widget elementor-widget-button\" data-id=\"f4ff7d9\" data-element_type=\"widget\" data-e-type=\"widget\" data-widget_type=\"button.default\">\n\t\t\t\t<div class=\"elementor-widget-container\">\n\t\t\t\t\t\t\t\t\t<div class=\"elementor-button-wrapper\">\n\t\t\t\t\t<a class=\"elementor-button elementor-button-link elementor-size-sm\" href=\"https:\/\/twinbrand.nl\/es\/contacto\/\">\n\t\t\t\t\t\t<span class=\"elementor-button-content-wrapper\">\n\t\t\t\t\t\t\t\t\t<span class=\"elementor-button-text\">P\u00f3ngase en contacto con nosotros<\/span>\n\t\t\t\t\t<\/span>\n\t\t\t\t\t<\/a>\n\t\t\t\t<\/div>\n\t\t\t\t\t\t\t\t<\/div>\n\t\t\t\t<\/div>\n\t\t\t\t\t<\/div>\n\t\t\t\t<\/div>\n\t\t\t\t\t<\/div>\n\t\t\t\t<\/div>\n\t\t<div class=\"elementor-element elementor-element-575144c e-flex e-con-boxed e-con e-parent\" data-id=\"575144c\" data-element_type=\"container\" data-e-type=\"container\" data-settings=\"{&quot;background_background&quot;:&quot;classic&quot;}\">\n\t\t\t\t\t<div class=\"e-con-inner\">\n\t\t\t\t<div class=\"elementor-element elementor-element-ce65a8b elementor-grid-3 elementor-grid-tablet-2 elementor-grid-mobile-1 elementor-widget elementor-widget-loop-grid\" data-id=\"ce65a8b\" data-element_type=\"widget\" data-e-type=\"widget\" data-settings=\"{&quot;template_id&quot;:2149,&quot;row_gap&quot;:{&quot;unit&quot;:&quot;px&quot;,&quot;size&quot;:180,&quot;sizes&quot;:[]},&quot;_skin&quot;:&quot;post&quot;,&quot;columns&quot;:&quot;3&quot;,&quot;columns_tablet&quot;:&quot;2&quot;,&quot;columns_mobile&quot;:&quot;1&quot;,&quot;edit_handle_selector&quot;:&quot;[data-elementor-type=\\&quot;loop-item\\&quot;]&quot;,&quot;row_gap_laptop&quot;:{&quot;unit&quot;:&quot;px&quot;,&quot;size&quot;:&quot;&quot;,&quot;sizes&quot;:[]},&quot;row_gap_tablet&quot;:{&quot;unit&quot;:&quot;px&quot;,&quot;size&quot;:&quot;&quot;,&quot;sizes&quot;:[]},&quot;row_gap_mobile&quot;:{&quot;unit&quot;:&quot;px&quot;,&quot;size&quot;:&quot;&quot;,&quot;sizes&quot;:[]}}\" data-widget_type=\"loop-grid.post\">\n\t\t\t\t<div class=\"elementor-widget-container\">\n\t\t\t\t\t\t\t<div class=\"elementor-loop-container elementor-grid\" role=\"list\">\n\t\t<style id=\"loop-2149\">.elementor-2149 .elementor-element.elementor-element-58b12d4{--display:flex;--gap:0px 0px;--row-gap:0px;--column-gap:0px;border-style:solid;--border-style:solid;border-width:0px 0px 6px 0px;--border-top-width:0px;--border-right-width:0px;--border-bottom-width:6px;--border-left-width:0px;border-color:var( --e-global-color-text );--border-color:var( --e-global-color-text );--padding-top:25px;--padding-bottom:25px;--padding-left:30px;--padding-right:30px;}.elementor-2149 .elementor-element.elementor-element-58b12d4:not(.elementor-motion-effects-element-type-background), .elementor-2149 .elementor-element.elementor-element-58b12d4 > .elementor-motion-effects-container > .elementor-motion-effects-layer{background-color:var( --e-global-color-secondary );}.elementor-2149 .elementor-element.elementor-element-1e31a5b img{width:277px;}.elementor-2149 .elementor-element.elementor-element-1e31a5b > .elementor-widget-container{margin:-155px 0px 0px 0px;}.elementor-2149 .elementor-element.elementor-element-261e5f9{--display:flex;--gap:0px 0px;--row-gap:0px;--column-gap:0px;--padding-top:10px;--padding-bottom:0px;--padding-left:0px;--padding-right:0px;}.elementor-2149 .elementor-element.elementor-element-8746943{text-align:center;}.elementor-2149 .elementor-element.elementor-element-8746943 .elementor-heading-title{font-family:\"Josefin Sans\", Sans-serif;font-size:30px;font-weight:700;text-transform:uppercase;}.elementor-2149 .elementor-element.elementor-element-8746943 > .elementor-widget-container{padding:10px 0px 10px 0px;}.elementor-2149 .elementor-element.elementor-element-bf59d82{text-align:center;font-family:\"Halant\", Sans-serif;font-size:18px;font-weight:700;text-transform:uppercase;color:var( --e-global-color-accent );}.elementor-2149 .elementor-element.elementor-element-cfc6e34{text-align:start;}.elementor-2149 .elementor-element.elementor-element-cfc6e34 > .elementor-widget-container{padding:0px 0px 30px 0px;}<\/style>\t\t<div data-elementor-type=\"loop-item\" data-elementor-id=\"2149\" class=\"elementor elementor-2149 elementor-769 elementor-769 e-loop-item e-loop-item-2182 post-2182 producten type-producten status-publish hentry producten_cat-other-cheeses\" data-elementor-post-type=\"elementor_library\" data-custom-edit-handle=\"1\">\n\t\t\t<div class=\"elementor-element elementor-element-58b12d4 e-flex e-con-boxed e-con e-parent\" data-id=\"58b12d4\" data-element_type=\"container\" data-e-type=\"container\" data-settings=\"{&quot;background_background&quot;:&quot;classic&quot;}\">\n\t\t\t\t\t<div class=\"e-con-inner\">\n\t\t\t\t<div class=\"elementor-element elementor-element-1e31a5b elementor-widget elementor-widget-image\" data-id=\"1e31a5b\" data-element_type=\"widget\" data-e-type=\"widget\" data-widget_type=\"image.default\">\n\t\t\t\t<div class=\"elementor-widget-container\">\n\t\t\t\t\t\t\t\t\t\t\t\t\t\t\t<img decoding=\"async\" width=\"300\" height=\"300\" src=\"https:\/\/twinbrand.nl\/wp-content\/uploads\/2023\/10\/twin-brand-other-cheeses-cream-cheese-1.png\" class=\"attachment-large size-large wp-image-2183\" alt=\"\" srcset=\"https:\/\/twinbrand.nl\/wp-content\/uploads\/2023\/10\/twin-brand-other-cheeses-cream-cheese-1.png 300w, https:\/\/twinbrand.nl\/wp-content\/uploads\/2023\/10\/twin-brand-other-cheeses-cream-cheese-1-150x150.png 150w\" sizes=\"(max-width: 300px) 100vw, 300px\" \/>\t\t\t\t\t\t\t\t\t\t\t\t\t\t\t<\/div>\n\t\t\t\t<\/div>\n\t\t<div class=\"elementor-element elementor-element-261e5f9 e-flex e-con-boxed e-con e-child\" data-id=\"261e5f9\" data-element_type=\"container\" data-e-type=\"container\">\n\t\t\t\t\t<div class=\"e-con-inner\">\n\t\t\t\t<div class=\"elementor-element elementor-element-8746943 elementor-widget elementor-widget-heading\" data-id=\"8746943\" data-element_type=\"widget\" data-e-type=\"widget\" data-widget_type=\"heading.default\">\n\t\t\t\t<div class=\"elementor-widget-container\">\n\t\t\t\t\t<h2 class=\"elementor-heading-title elementor-size-default\">Queso crema<\/h2>\t\t\t\t<\/div>\n\t\t\t\t<\/div>\n\t\t\t\t<div class=\"elementor-element elementor-element-bf59d82 elementor-widget elementor-widget-text-editor\" data-id=\"bf59d82\" data-element_type=\"widget\" data-e-type=\"widget\" data-widget_type=\"text-editor.default\">\n\t\t\t\t<div class=\"elementor-widget-container\">\n\t\t\t\t\t\t\t\t\tSuave y mantecoso\t\t\t\t\t\t\t\t<\/div>\n\t\t\t\t<\/div>\n\t\t\t\t<div class=\"elementor-element elementor-element-cfc6e34 elementor-widget elementor-widget-text-editor\" data-id=\"cfc6e34\" data-element_type=\"widget\" data-e-type=\"widget\" data-widget_type=\"text-editor.default\">\n\t\t\t\t<div class=\"elementor-widget-container\">\n\t\t\t\t\t\t\t\t\t<p><span>D\u00e9jate llevar por la rica cremosidad del queso crema suave y mantecoso de Twin Brand, perfecto para cualquier ocasi\u00f3n.<\/span><\/p>\n<p><strong>Elaborado con:<\/strong><br \/>\n<span>leche de vaca pasteurizada, sal, fermento l\u00e1ctico (leche), cuajo microbiano, colorante: anato norbixina<\/span><br \/>\n<span>Maduraci\u00f3n: 4 semanas<br \/>\n1 por caja: 4 kg<\/span><\/p>\n\t\t\t\t\t\t\t\t<\/div>\n\t\t\t\t<\/div>\n\t\t\t\t\t<\/div>\n\t\t\t\t<\/div>\n\t\t\t\t\t<\/div>\n\t\t\t\t<\/div>\n\t\t\t\t<\/div>\n\t\t\t\t<div data-elementor-type=\"loop-item\" data-elementor-id=\"2149\" class=\"elementor elementor-2149 elementor-769 elementor-769 e-loop-item e-loop-item-2184 post-2184 producten type-producten status-publish hentry producten_cat-other-cheeses\" data-elementor-post-type=\"elementor_library\" data-custom-edit-handle=\"1\">\n\t\t\t<div class=\"elementor-element elementor-element-58b12d4 e-flex e-con-boxed e-con e-parent\" data-id=\"58b12d4\" data-element_type=\"container\" data-e-type=\"container\" data-settings=\"{&quot;background_background&quot;:&quot;classic&quot;}\">\n\t\t\t\t\t<div class=\"e-con-inner\">\n\t\t\t\t<div class=\"elementor-element elementor-element-1e31a5b elementor-widget elementor-widget-image\" data-id=\"1e31a5b\" data-element_type=\"widget\" data-e-type=\"widget\" data-widget_type=\"image.default\">\n\t\t\t\t<div class=\"elementor-widget-container\">\n\t\t\t\t\t\t\t\t\t\t\t\t\t\t\t<img decoding=\"async\" width=\"300\" height=\"300\" src=\"https:\/\/twinbrand.nl\/wp-content\/uploads\/2023\/10\/twin-brand-other-cheeses-light-1.png\" class=\"attachment-large size-large wp-image-2185\" alt=\"\" srcset=\"https:\/\/twinbrand.nl\/wp-content\/uploads\/2023\/10\/twin-brand-other-cheeses-light-1.png 300w, https:\/\/twinbrand.nl\/wp-content\/uploads\/2023\/10\/twin-brand-other-cheeses-light-1-150x150.png 150w\" sizes=\"(max-width: 300px) 100vw, 300px\" \/>\t\t\t\t\t\t\t\t\t\t\t\t\t\t\t<\/div>\n\t\t\t\t<\/div>\n\t\t<div class=\"elementor-element elementor-element-261e5f9 e-flex e-con-boxed e-con e-child\" data-id=\"261e5f9\" data-element_type=\"container\" data-e-type=\"container\">\n\t\t\t\t\t<div class=\"e-con-inner\">\n\t\t\t\t<div class=\"elementor-element elementor-element-8746943 elementor-widget elementor-widget-heading\" data-id=\"8746943\" data-element_type=\"widget\" data-e-type=\"widget\" data-widget_type=\"heading.default\">\n\t\t\t\t<div class=\"elementor-widget-container\">\n\t\t\t\t\t<h2 class=\"elementor-heading-title elementor-size-default\">Light<\/h2>\t\t\t\t<\/div>\n\t\t\t\t<\/div>\n\t\t\t\t<div class=\"elementor-element elementor-element-bf59d82 elementor-widget elementor-widget-text-editor\" data-id=\"bf59d82\" data-element_type=\"widget\" data-e-type=\"widget\" data-widget_type=\"text-editor.default\">\n\t\t\t\t<div class=\"elementor-widget-container\">\n\t\t\t\t\t\t\t\t\tSuave y cremoso\t\t\t\t\t\t\t\t<\/div>\n\t\t\t\t<\/div>\n\t\t\t\t<div class=\"elementor-element elementor-element-cfc6e34 elementor-widget elementor-widget-text-editor\" data-id=\"cfc6e34\" data-element_type=\"widget\" data-e-type=\"widget\" data-widget_type=\"text-editor.default\">\n\t\t\t\t<div class=\"elementor-widget-container\">\n\t\t\t\t\t\t\t\t\t<p>Descubre el delicioso sabor suave y cremoso del queso ligero de Twin Brand, perfecto para una opci\u00f3n m\u00e1s saludable sin comprometer el sabor.<\/p>\n<p><strong>Elaborado con:<\/strong><br \/>\nleche de vaca pasteurizada, sal, fermento l\u00e1ctico (leche), cuajo microbiano, colorante: annatto norbixin<br \/>\nMaduraci\u00f3n: 4-6 semanas<br \/>\n1 por caja: 4 kg<\/p>\n\t\t\t\t\t\t\t\t<\/div>\n\t\t\t\t<\/div>\n\t\t\t\t\t<\/div>\n\t\t\t\t<\/div>\n\t\t\t\t\t<\/div>\n\t\t\t\t<\/div>\n\t\t\t\t<\/div>\n\t\t\t\t<\/div>\n\t\t\n\t\t\t\t\t\t<\/div>\n\t\t\t\t<\/div>\n\t\t<div class=\"elementor-element elementor-element-8aba662 e-flex e-con-boxed e-con e-child\" data-id=\"8aba662\" data-element_type=\"container\" data-e-type=\"container\">\n\t\t\t\t\t<div class=\"e-con-inner\">\n\t\t\t\t<div class=\"elementor-element elementor-element-a1863d1 elementor-widget elementor-widget-button\" data-id=\"a1863d1\" data-element_type=\"widget\" data-e-type=\"widget\" data-widget_type=\"button.default\">\n\t\t\t\t<div class=\"elementor-widget-container\">\n\t\t\t\t\t\t\t\t\t<div class=\"elementor-button-wrapper\">\n\t\t\t\t\t<a class=\"elementor-button elementor-button-link elementor-size-sm\" href=\"https:\/\/twinbrand.nl\/es\/contacto\/\">\n\t\t\t\t\t\t<span class=\"elementor-button-content-wrapper\">\n\t\t\t\t\t\t\t\t\t<span class=\"elementor-button-text\">CONTACTO<\/span>\n\t\t\t\t\t<\/span>\n\t\t\t\t\t<\/a>\n\t\t\t\t<\/div>\n\t\t\t\t\t\t\t\t<\/div>\n\t\t\t\t<\/div>\n\t\t\t\t<div class=\"elementor-element elementor-element-573054e elementor-widget elementor-widget-button\" data-id=\"573054e\" data-element_type=\"widget\" data-e-type=\"widget\" data-widget_type=\"button.default\">\n\t\t\t\t<div class=\"elementor-widget-container\">\n\t\t\t\t\t\t\t\t\t<div class=\"elementor-button-wrapper\">\n\t\t\t\t\t<a class=\"elementor-button elementor-button-link elementor-size-sm\" href=\"https:\/\/twinbrand.nl\/es\/gama-de-productos\/\">\n\t\t\t\t\t\t<span class=\"elementor-button-content-wrapper\">\n\t\t\t\t\t\t\t\t\t<span class=\"elementor-button-text\">VER NUESTRA GAMA DE PRODUCTOS<\/span>\n\t\t\t\t\t<\/span>\n\t\t\t\t\t<\/a>\n\t\t\t\t<\/div>\n\t\t\t\t\t\t\t\t<\/div>\n\t\t\t\t<\/div>\n\t\t\t\t\t<\/div>\n\t\t\t\t<\/div>\n\t\t\t\t\t<\/div>\n\t\t\t\t<\/div>\n\t\t\t\t<\/div>\n\t\t","protected":false},"excerpt":{"rendered":"<p>Otros quesos En Twin Brand cheese, ofrecemos una amplia gama de quesos de alta calidad para satisfacer las demandas de su negocio. Desde suaves y cremosos hasta a\u00f1ejos y picantes, nuestros quesos se elaboran con m\u00e9todos tradicionales e ingredientes cuidadosamente seleccionados para brindar un sabor y una textura excepcionales. Si no encuentra el queso que [&hellip;]<\/p>\n","protected":false},"author":1,"featured_media":0,"parent":0,"menu_order":0,"comment_status":"closed","ping_status":"closed","template":"","meta":{"_acf_changed":false,"inline_featured_image":false,"footnotes":""},"class_list":["post-2100","page","type-page","status-publish","hentry"],"acf":[],"_links":{"self":[{"href":"https:\/\/twinbrand.nl\/es\/wp-json\/wp\/v2\/pages\/2100","targetHints":{"allow":["GET"]}}],"collection":[{"href":"https:\/\/twinbrand.nl\/es\/wp-json\/wp\/v2\/pages"}],"about":[{"href":"https:\/\/twinbrand.nl\/es\/wp-json\/wp\/v2\/types\/page"}],"author":[{"embeddable":true,"href":"https:\/\/twinbrand.nl\/es\/wp-json\/wp\/v2\/users\/1"}],"replies":[{"embeddable":true,"href":"https:\/\/twinbrand.nl\/es\/wp-json\/wp\/v2\/comments?post=2100"}],"version-history":[{"count":4,"href":"https:\/\/twinbrand.nl\/es\/wp-json\/wp\/v2\/pages\/2100\/revisions"}],"predecessor-version":[{"id":2238,"href":"https:\/\/twinbrand.nl\/es\/wp-json\/wp\/v2\/pages\/2100\/revisions\/2238"}],"wp:attachment":[{"href":"https:\/\/twinbrand.nl\/es\/wp-json\/wp\/v2\/media?parent=2100"}],"curies":[{"name":"wp","href":"https:\/\/api.w.org\/{rel}","templated":true}]}}