{"id":2091,"date":"2023-09-28T13:13:28","date_gmt":"2023-09-28T13:13:28","guid":{"rendered":"https:\/\/twinbrand.nl\/bola-de-edam\/"},"modified":"2024-04-25T12:17:37","modified_gmt":"2024-04-25T12:17:37","slug":"bola-de-edam","status":"publish","type":"page","link":"https:\/\/twinbrand.nl\/es\/bola-de-edam\/","title":{"rendered":"Bola de Edam"},"content":{"rendered":"\t\t<div data-elementor-type=\"wp-page\" data-elementor-id=\"2091\" class=\"elementor elementor-2091 elementor-28\" data-elementor-post-type=\"page\">\n\t\t\t\t<div class=\"elementor-element elementor-element-285dd0f sc-top-img e-flex e-con-boxed e-con e-parent\" data-id=\"285dd0f\" data-element_type=\"container\" data-e-type=\"container\" data-settings=\"{&quot;background_background&quot;:&quot;classic&quot;}\">\n\t\t\t\t\t<div class=\"e-con-inner\">\n\t\t\t\t<div class=\"elementor-element elementor-element-3262379 elementor-absolute elementor-hidden-mobile sc-patroon-header elementor-widget elementor-widget-global elementor-global-1135 elementor-widget-image\" data-id=\"3262379\" data-element_type=\"widget\" data-e-type=\"widget\" data-settings=\"{&quot;_position&quot;:&quot;absolute&quot;,&quot;motion_fx_motion_fx_scrolling&quot;:&quot;yes&quot;,&quot;motion_fx_translateY_effect&quot;:&quot;yes&quot;,&quot;motion_fx_translateY_speed&quot;:{&quot;unit&quot;:&quot;px&quot;,&quot;size&quot;:4,&quot;sizes&quot;:[]},&quot;motion_fx_translateY_affectedRange&quot;:{&quot;unit&quot;:&quot;%&quot;,&quot;size&quot;:&quot;&quot;,&quot;sizes&quot;:{&quot;start&quot;:0,&quot;end&quot;:100}},&quot;motion_fx_devices&quot;:[&quot;desktop&quot;,&quot;laptop&quot;,&quot;tablet&quot;,&quot;mobile&quot;]}\" data-widget_type=\"image.default\">\n\t\t\t\t<div class=\"elementor-widget-container\">\n\t\t\t\t\t\t\t\t\t\t\t\t\t\t\t<img fetchpriority=\"high\" decoding=\"async\" width=\"1024\" height=\"868\" src=\"https:\/\/twinbrand.nl\/wp-content\/uploads\/2023\/10\/twin-brand-patroon-6.svg\" class=\"attachment-large size-large wp-image-699\" alt=\"\" \/>\t\t\t\t\t\t\t\t\t\t\t\t\t\t\t<\/div>\n\t\t\t\t<\/div>\n\t\t\t\t\t<\/div>\n\t\t\t\t<\/div>\n\t\t<div class=\"elementor-element elementor-element-d4f261d e-flex e-con-boxed e-con e-parent\" data-id=\"d4f261d\" data-element_type=\"container\" data-e-type=\"container\" data-settings=\"{&quot;background_background&quot;:&quot;classic&quot;}\">\n\t\t\t\t\t<div class=\"e-con-inner\">\n\t\t<div class=\"elementor-element elementor-element-8017ed6 e-flex e-con-boxed e-con e-child\" data-id=\"8017ed6\" data-element_type=\"container\" data-e-type=\"container\">\n\t\t\t\t\t<div class=\"e-con-inner\">\n\t\t\t\t<div class=\"elementor-element elementor-element-835d87a sc-h1-stand elementor-widget elementor-widget-heading\" data-id=\"835d87a\" data-element_type=\"widget\" data-e-type=\"widget\" data-widget_type=\"heading.default\">\n\t\t\t\t<div class=\"elementor-widget-container\">\n\t\t\t\t\t<h1 class=\"elementor-heading-title elementor-size-default\">Bola de Edam<\/h1>\t\t\t\t<\/div>\n\t\t\t\t<\/div>\n\t\t\t\t\t<\/div>\n\t\t\t\t<\/div>\n\t\t<div class=\"elementor-element elementor-element-7b2b76f e-flex e-con-boxed e-con e-child\" data-id=\"7b2b76f\" data-element_type=\"container\" data-e-type=\"container\">\n\t\t\t\t\t<div class=\"e-con-inner\">\n\t\t\t\t<div class=\"elementor-element elementor-element-136b41d elementor-widget__width-initial sc-intro elementor-widget elementor-widget-text-editor\" data-id=\"136b41d\" data-element_type=\"widget\" data-e-type=\"widget\" data-widget_type=\"text-editor.default\">\n\t\t\t\t<div class=\"elementor-widget-container\">\n\t\t\t\t\t\t\t\t\t<p>Las bolas de Edam, un queso tradicional holand\u00e9s, son conocidas por su caracter\u00edstica forma esf\u00e9rica y su textura suave. Elaboradas con leche de vaca, tienen un sabor suave y ligeramente salado que gusta a los amantes del queso de todo el mundo.<\/p>\n\t\t\t\t\t\t\t\t<\/div>\n\t\t\t\t<\/div>\n\t\t\t\t<div class=\"elementor-element elementor-element-3ee67aa elementor-widget elementor-widget-button\" data-id=\"3ee67aa\" data-element_type=\"widget\" data-e-type=\"widget\" data-widget_type=\"button.default\">\n\t\t\t\t<div class=\"elementor-widget-container\">\n\t\t\t\t\t\t\t\t\t<div class=\"elementor-button-wrapper\">\n\t\t\t\t\t<a class=\"elementor-button elementor-button-link elementor-size-sm\" href=\"https:\/\/twinbrand.nl\/es\/contacto\/\">\n\t\t\t\t\t\t<span class=\"elementor-button-content-wrapper\">\n\t\t\t\t\t\t\t\t\t<span class=\"elementor-button-text\">P\u00f3ngase en contacto con nosotros<\/span>\n\t\t\t\t\t<\/span>\n\t\t\t\t\t<\/a>\n\t\t\t\t<\/div>\n\t\t\t\t\t\t\t\t<\/div>\n\t\t\t\t<\/div>\n\t\t\t\t\t<\/div>\n\t\t\t\t<\/div>\n\t\t\t\t\t<\/div>\n\t\t\t\t<\/div>\n\t\t<div class=\"elementor-element elementor-element-bb92f62 e-flex e-con-boxed e-con e-parent\" data-id=\"bb92f62\" data-element_type=\"container\" data-e-type=\"container\" data-settings=\"{&quot;background_background&quot;:&quot;classic&quot;}\">\n\t\t\t\t\t<div class=\"e-con-inner\">\n\t\t\t\t<div class=\"elementor-element elementor-element-b43d053 elementor-grid-3 elementor-grid-tablet-2 elementor-grid-mobile-1 elementor-widget elementor-widget-loop-grid\" data-id=\"b43d053\" data-element_type=\"widget\" data-e-type=\"widget\" data-settings=\"{&quot;template_id&quot;:2149,&quot;row_gap&quot;:{&quot;unit&quot;:&quot;px&quot;,&quot;size&quot;:180,&quot;sizes&quot;:[]},&quot;_skin&quot;:&quot;post&quot;,&quot;columns&quot;:&quot;3&quot;,&quot;columns_tablet&quot;:&quot;2&quot;,&quot;columns_mobile&quot;:&quot;1&quot;,&quot;edit_handle_selector&quot;:&quot;[data-elementor-type=\\&quot;loop-item\\&quot;]&quot;,&quot;row_gap_laptop&quot;:{&quot;unit&quot;:&quot;px&quot;,&quot;size&quot;:&quot;&quot;,&quot;sizes&quot;:[]},&quot;row_gap_tablet&quot;:{&quot;unit&quot;:&quot;px&quot;,&quot;size&quot;:&quot;&quot;,&quot;sizes&quot;:[]},&quot;row_gap_mobile&quot;:{&quot;unit&quot;:&quot;px&quot;,&quot;size&quot;:&quot;&quot;,&quot;sizes&quot;:[]}}\" data-widget_type=\"loop-grid.post\">\n\t\t\t\t<div class=\"elementor-widget-container\">\n\t\t\t\t\t\t\t<div class=\"elementor-loop-container elementor-grid\" role=\"list\">\n\t\t<style id=\"loop-2149\">.elementor-2149 .elementor-element.elementor-element-58b12d4{--display:flex;--gap:0px 0px;--row-gap:0px;--column-gap:0px;border-style:solid;--border-style:solid;border-width:0px 0px 6px 0px;--border-top-width:0px;--border-right-width:0px;--border-bottom-width:6px;--border-left-width:0px;border-color:var( --e-global-color-text );--border-color:var( --e-global-color-text );--padding-top:25px;--padding-bottom:25px;--padding-left:30px;--padding-right:30px;}.elementor-2149 .elementor-element.elementor-element-58b12d4:not(.elementor-motion-effects-element-type-background), .elementor-2149 .elementor-element.elementor-element-58b12d4 > .elementor-motion-effects-container > .elementor-motion-effects-layer{background-color:var( --e-global-color-secondary );}.elementor-2149 .elementor-element.elementor-element-1e31a5b img{width:277px;}.elementor-2149 .elementor-element.elementor-element-1e31a5b > .elementor-widget-container{margin:-155px 0px 0px 0px;}.elementor-2149 .elementor-element.elementor-element-261e5f9{--display:flex;--gap:0px 0px;--row-gap:0px;--column-gap:0px;--padding-top:10px;--padding-bottom:0px;--padding-left:0px;--padding-right:0px;}.elementor-2149 .elementor-element.elementor-element-8746943{text-align:center;}.elementor-2149 .elementor-element.elementor-element-8746943 .elementor-heading-title{font-family:\"Josefin Sans\", Sans-serif;font-size:30px;font-weight:700;text-transform:uppercase;}.elementor-2149 .elementor-element.elementor-element-8746943 > .elementor-widget-container{padding:10px 0px 10px 0px;}.elementor-2149 .elementor-element.elementor-element-bf59d82{text-align:center;font-family:\"Halant\", Sans-serif;font-size:18px;font-weight:700;text-transform:uppercase;color:var( --e-global-color-accent );}.elementor-2149 .elementor-element.elementor-element-cfc6e34{text-align:start;}.elementor-2149 .elementor-element.elementor-element-cfc6e34 > .elementor-widget-container{padding:0px 0px 30px 0px;}<\/style>\t\t<div data-elementor-type=\"loop-item\" data-elementor-id=\"2149\" class=\"elementor elementor-2149 elementor-769 elementor-769 e-loop-item e-loop-item-2180 post-2180 producten type-producten status-publish hentry producten_cat-edam-balls\" data-elementor-post-type=\"elementor_library\" data-custom-edit-handle=\"1\">\n\t\t\t<div class=\"elementor-element elementor-element-58b12d4 e-flex e-con-boxed e-con e-parent\" data-id=\"58b12d4\" data-element_type=\"container\" data-e-type=\"container\" data-settings=\"{&quot;background_background&quot;:&quot;classic&quot;}\">\n\t\t\t\t\t<div class=\"e-con-inner\">\n\t\t\t\t<div class=\"elementor-element elementor-element-1e31a5b elementor-widget elementor-widget-image\" data-id=\"1e31a5b\" data-element_type=\"widget\" data-e-type=\"widget\" data-widget_type=\"image.default\">\n\t\t\t\t<div class=\"elementor-widget-container\">\n\t\t\t\t\t\t\t\t\t\t\t\t\t\t\t<img decoding=\"async\" width=\"439\" height=\"439\" src=\"https:\/\/twinbrand.nl\/wp-content\/uploads\/2025\/05\/twin-brand-edam-baby-balls.png\" class=\"attachment-large size-large wp-image-2409\" alt=\"Twin Brand Edam Baby Balls\" srcset=\"https:\/\/twinbrand.nl\/wp-content\/uploads\/2025\/05\/twin-brand-edam-baby-balls.png 439w, https:\/\/twinbrand.nl\/wp-content\/uploads\/2025\/05\/twin-brand-edam-baby-balls-300x300.png 300w, https:\/\/twinbrand.nl\/wp-content\/uploads\/2025\/05\/twin-brand-edam-baby-balls-150x150.png 150w\" sizes=\"(max-width: 439px) 100vw, 439px\" \/>\t\t\t\t\t\t\t\t\t\t\t\t\t\t\t<\/div>\n\t\t\t\t<\/div>\n\t\t<div class=\"elementor-element elementor-element-261e5f9 e-flex e-con-boxed e-con e-child\" data-id=\"261e5f9\" data-element_type=\"container\" data-e-type=\"container\">\n\t\t\t\t\t<div class=\"e-con-inner\">\n\t\t\t\t<div class=\"elementor-element elementor-element-8746943 elementor-widget elementor-widget-heading\" data-id=\"8746943\" data-element_type=\"widget\" data-e-type=\"widget\" data-widget_type=\"heading.default\">\n\t\t\t\t<div class=\"elementor-widget-container\">\n\t\t\t\t\t<h2 class=\"elementor-heading-title elementor-size-default\">Bolitas de Edam<\/h2>\t\t\t\t<\/div>\n\t\t\t\t<\/div>\n\t\t\t\t<div class=\"elementor-element elementor-element-bf59d82 elementor-widget elementor-widget-text-editor\" data-id=\"bf59d82\" data-element_type=\"widget\" data-e-type=\"widget\" data-widget_type=\"text-editor.default\">\n\t\t\t\t<div class=\"elementor-widget-container\">\n\t\t\t\t\t\t\t\t\tSuaves y ligeramente saladas\t\t\t\t\t\t\t\t<\/div>\n\t\t\t\t<\/div>\n\t\t\t\t<div class=\"elementor-element elementor-element-cfc6e34 elementor-widget elementor-widget-text-editor\" data-id=\"cfc6e34\" data-element_type=\"widget\" data-e-type=\"widget\" data-widget_type=\"text-editor.default\">\n\t\t\t\t<div class=\"elementor-widget-container\">\n\t\t\t\t\t\t\t\t\t<p>Las bolitas de Edam suaves y ligeramente saladas tienen un sabor nuez delicado y sutil que es a la vez cremoso. El queso tiene una textura suave y flexible que se funde en la boca, dejando un sutil final \u00e1cido que perdura agradablemente.<\/p>\n<p><strong>Elaborado con:<\/strong><br \/>\nleche de vaca pasteurizada, sal, fermento iniciador, cuajo microbiol\u00f3gico, color: carotenos.<br \/>\nMadurado: 6 a 8 semanas<br \/>\n6 por envase: 0,9 kg<\/p>\n\t\t\t\t\t\t\t\t<\/div>\n\t\t\t\t<\/div>\n\t\t\t\t\t<\/div>\n\t\t\t\t<\/div>\n\t\t\t\t\t<\/div>\n\t\t\t\t<\/div>\n\t\t\t\t<\/div>\n\t\t\t\t<div data-elementor-type=\"loop-item\" data-elementor-id=\"2149\" class=\"elementor elementor-2149 elementor-769 elementor-769 e-loop-item e-loop-item-2181 post-2181 producten type-producten status-publish hentry producten_cat-edam-balls\" data-elementor-post-type=\"elementor_library\" data-custom-edit-handle=\"1\">\n\t\t\t<div class=\"elementor-element elementor-element-58b12d4 e-flex e-con-boxed e-con e-parent\" data-id=\"58b12d4\" data-element_type=\"container\" data-e-type=\"container\" data-settings=\"{&quot;background_background&quot;:&quot;classic&quot;}\">\n\t\t\t\t\t<div class=\"e-con-inner\">\n\t\t\t\t<div class=\"elementor-element elementor-element-1e31a5b elementor-widget elementor-widget-image\" data-id=\"1e31a5b\" data-element_type=\"widget\" data-e-type=\"widget\" data-widget_type=\"image.default\">\n\t\t\t\t<div class=\"elementor-widget-container\">\n\t\t\t\t\t\t\t\t\t\t\t\t\t\t\t<img decoding=\"async\" width=\"300\" height=\"300\" src=\"https:\/\/twinbrand.nl\/wp-content\/uploads\/2025\/05\/twin-brand-edam-cheese.png\" class=\"attachment-large size-large wp-image-2405\" alt=\"Twin Brand Edam Cheese\" srcset=\"https:\/\/twinbrand.nl\/wp-content\/uploads\/2025\/05\/twin-brand-edam-cheese.png 300w, https:\/\/twinbrand.nl\/wp-content\/uploads\/2025\/05\/twin-brand-edam-cheese-150x150.png 150w\" sizes=\"(max-width: 300px) 100vw, 300px\" \/>\t\t\t\t\t\t\t\t\t\t\t\t\t\t\t<\/div>\n\t\t\t\t<\/div>\n\t\t<div class=\"elementor-element elementor-element-261e5f9 e-flex e-con-boxed e-con e-child\" data-id=\"261e5f9\" data-element_type=\"container\" data-e-type=\"container\">\n\t\t\t\t\t<div class=\"e-con-inner\">\n\t\t\t\t<div class=\"elementor-element elementor-element-8746943 elementor-widget elementor-widget-heading\" data-id=\"8746943\" data-element_type=\"widget\" data-e-type=\"widget\" data-widget_type=\"heading.default\">\n\t\t\t\t<div class=\"elementor-widget-container\">\n\t\t\t\t\t<h2 class=\"elementor-heading-title elementor-size-default\">Bolas de Edam<\/h2>\t\t\t\t<\/div>\n\t\t\t\t<\/div>\n\t\t\t\t<div class=\"elementor-element elementor-element-bf59d82 elementor-widget elementor-widget-text-editor\" data-id=\"bf59d82\" data-element_type=\"widget\" data-e-type=\"widget\" data-widget_type=\"text-editor.default\">\n\t\t\t\t<div class=\"elementor-widget-container\">\n\t\t\t\t\t\t\t\t\tSuaves y ligeramente saladas\t\t\t\t\t\t\t\t<\/div>\n\t\t\t\t<\/div>\n\t\t\t\t<div class=\"elementor-element elementor-element-cfc6e34 elementor-widget elementor-widget-text-editor\" data-id=\"cfc6e34\" data-element_type=\"widget\" data-e-type=\"widget\" data-widget_type=\"text-editor.default\">\n\t\t\t\t<div class=\"elementor-widget-container\">\n\t\t\t\t\t\t\t\t\t<p>Estas bolas de Edam suaves y ligeramente saladas tienen una textura suave y cremosa, con un sutil sabor a nuez que termina con un agradable toque \u00e1cido.<\/p>\n<p><strong>Elaborado con:<\/strong><br \/>\nleche de vaca pasteurizada, sal, fermento iniciador, cuajo microbiol\u00f3gico, color: carotenos.<br \/>\nMadurado: 6 a 8 semanas<br \/>\n6 por envase: 1,9 kg<\/p>\n\t\t\t\t\t\t\t\t<\/div>\n\t\t\t\t<\/div>\n\t\t\t\t\t<\/div>\n\t\t\t\t<\/div>\n\t\t\t\t\t<\/div>\n\t\t\t\t<\/div>\n\t\t\t\t<\/div>\n\t\t\t\t<\/div>\n\t\t\n\t\t\t\t\t\t<\/div>\n\t\t\t\t<\/div>\n\t\t<div class=\"elementor-element elementor-element-561fd2b e-flex e-con-boxed e-con e-child\" data-id=\"561fd2b\" data-element_type=\"container\" data-e-type=\"container\">\n\t\t\t\t\t<div class=\"e-con-inner\">\n\t\t\t\t<div class=\"elementor-element elementor-element-02607a0 elementor-widget elementor-widget-button\" data-id=\"02607a0\" data-element_type=\"widget\" data-e-type=\"widget\" data-widget_type=\"button.default\">\n\t\t\t\t<div class=\"elementor-widget-container\">\n\t\t\t\t\t\t\t\t\t<div class=\"elementor-button-wrapper\">\n\t\t\t\t\t<a class=\"elementor-button elementor-button-link elementor-size-sm\" href=\"https:\/\/twinbrand.nl\/es\/contacto\/\">\n\t\t\t\t\t\t<span class=\"elementor-button-content-wrapper\">\n\t\t\t\t\t\t\t\t\t<span class=\"elementor-button-text\">CONTACTO<\/span>\n\t\t\t\t\t<\/span>\n\t\t\t\t\t<\/a>\n\t\t\t\t<\/div>\n\t\t\t\t\t\t\t\t<\/div>\n\t\t\t\t<\/div>\n\t\t\t\t<div class=\"elementor-element elementor-element-a19bb25 elementor-widget elementor-widget-button\" data-id=\"a19bb25\" data-element_type=\"widget\" data-e-type=\"widget\" data-widget_type=\"button.default\">\n\t\t\t\t<div class=\"elementor-widget-container\">\n\t\t\t\t\t\t\t\t\t<div class=\"elementor-button-wrapper\">\n\t\t\t\t\t<a class=\"elementor-button elementor-button-link elementor-size-sm\" href=\"https:\/\/twinbrand.nl\/es\/gama-de-productos\/\">\n\t\t\t\t\t\t<span class=\"elementor-button-content-wrapper\">\n\t\t\t\t\t\t\t\t\t<span class=\"elementor-button-text\">VER NUESTRA GAMA DE PRODUCTOS<\/span>\n\t\t\t\t\t<\/span>\n\t\t\t\t\t<\/a>\n\t\t\t\t<\/div>\n\t\t\t\t\t\t\t\t<\/div>\n\t\t\t\t<\/div>\n\t\t\t\t\t<\/div>\n\t\t\t\t<\/div>\n\t\t\t\t\t<\/div>\n\t\t\t\t<\/div>\n\t\t\t\t<\/div>\n\t\t","protected":false},"excerpt":{"rendered":"<p>Bola de Edam Las bolas de Edam, un queso tradicional holand\u00e9s, son conocidas por su caracter\u00edstica forma esf\u00e9rica y su textura suave. Elaboradas con leche de vaca, tienen un sabor suave y ligeramente salado que gusta a los amantes del queso de todo el mundo. P\u00f3ngase en contacto con nosotros CONTACTO VER NUESTRA GAMA DE [&hellip;]<\/p>\n","protected":false},"author":1,"featured_media":0,"parent":0,"menu_order":0,"comment_status":"closed","ping_status":"closed","template":"","meta":{"_acf_changed":false,"inline_featured_image":false,"footnotes":""},"class_list":["post-2091","page","type-page","status-publish","hentry"],"acf":[],"_links":{"self":[{"href":"https:\/\/twinbrand.nl\/es\/wp-json\/wp\/v2\/pages\/2091","targetHints":{"allow":["GET"]}}],"collection":[{"href":"https:\/\/twinbrand.nl\/es\/wp-json\/wp\/v2\/pages"}],"about":[{"href":"https:\/\/twinbrand.nl\/es\/wp-json\/wp\/v2\/types\/page"}],"author":[{"embeddable":true,"href":"https:\/\/twinbrand.nl\/es\/wp-json\/wp\/v2\/users\/1"}],"replies":[{"embeddable":true,"href":"https:\/\/twinbrand.nl\/es\/wp-json\/wp\/v2\/comments?post=2091"}],"version-history":[{"count":4,"href":"https:\/\/twinbrand.nl\/es\/wp-json\/wp\/v2\/pages\/2091\/revisions"}],"predecessor-version":[{"id":2241,"href":"https:\/\/twinbrand.nl\/es\/wp-json\/wp\/v2\/pages\/2091\/revisions\/2241"}],"wp:attachment":[{"href":"https:\/\/twinbrand.nl\/es\/wp-json\/wp\/v2\/media?parent=2091"}],"curies":[{"name":"wp","href":"https:\/\/api.w.org\/{rel}","templated":true}]}}